{"id":214,"date":"2025-06-20T15:04:59","date_gmt":"2025-06-20T13:04:59","guid":{"rendered":"https:\/\/philol1lyon3.com\/?page_id=214"},"modified":"2026-02-23T21:41:59","modified_gmt":"2026-02-23T20:41:59","slug":"philo-club-de-lete","status":"publish","type":"page","link":"https:\/\/philol1lyon3.com\/","title":{"rendered":"Philo Club L2 S4"},"content":{"rendered":"<p style=\"text-align: justify;\">Le Philo Club propose aux \u00e9tudiants de deuxi\u00e8me ann\u00e9e de licence philosophie \u00e0 Lyon un travail d&rsquo;accompagnement des cours sur les diff\u00e9rentes mati\u00e8res au programme. Les s\u00e9ances ont lieu chaque <strong>lundi de 20h00 \u00e0 21h30<\/strong> sur <strong><a href=\"https:\/\/meet.jit.si\/PhiloL2Lyon3\">https:\/\/meet.jit.si\/PhiloL2Lyon3<\/a><\/strong><\/p>\n<h3><strong>Programme du semestre janvier\/avril 2026 :<\/strong><\/h3>\n<ul>\n<li>05\/01 &#8211; Entrainement \u00e0 la dissertation<\/li>\n<li>12\/01 &#8211; Entrainement au commentaire de texte<\/li>\n<li>19\/01 &#8211; Philosophie Moderne Maj<\/li>\n<li>26\/01 &#8211; Philosophie du langage Min<\/li>\n<li>02\/02 &#8211; Logique Maj<\/li>\n<li>09\/02 &#8211; JS Mill &#8211; On Liberty (TPLE)<\/li>\n<li>16\/02 &#8211; Philosophie du droit Maj<\/li>\n<li>23\/02 &#8211; Esth\u00e9tique Min<\/li>\n<li>02\/03 &#8211; Philosophie des sciences humaines et sociales Maj<\/li>\n<li>09\/03 &#8211; Philosophie Moderne Maj<\/li>\n<li>16\/03 &#8211; Philosophie du langage Min<\/li>\n<li>23\/03 &#8211; Ethique Min<\/li>\n<li>30\/03 &#8211; Esth\u00e9tique Min<\/li>\n<li>06\/04 &#8211; Philosophie du droit Maj<\/li>\n<li>13\/04 &#8211; Ethique Min<\/li>\n<li>20\/04 &#8211; Logique Maj<\/li>\n<\/ul>\n<hr \/>\n<p><strong>Programme de la majeure S4<\/strong><\/p>\n<a href=\"https:\/\/philol1lyon3.com\/wp-content\/uploads\/2025\/12\/MAJ_S4.pdf\" class=\"pdfemb-viewer\" style=\"width:1000px;height:1000px;\" data-width=\"1000\" data-height=\"1000\" data-toolbar=\"bottom\" data-toolbar-fixed=\"on\">MAJ_S4<\/a>\n<hr \/>\n<p><strong>Programme de la mineure S4<\/strong><\/p>\n<a href=\"https:\/\/philol1lyon3.com\/wp-content\/uploads\/2025\/12\/MIN_S4.pdf\" class=\"pdfemb-viewer\" style=\"width:1000px;height:1000px;\" data-width=\"1000\" data-height=\"1000\" data-toolbar=\"bottom\" data-toolbar-fixed=\"on\">MIN_S4<\/a>\n<p>&nbsp;<\/p>\n<p>&nbsp;<\/p>\n","protected":false},"excerpt":{"rendered":"<p>Le Philo Club propose aux \u00e9tudiants de deuxi\u00e8me ann\u00e9e de licence philosophie \u00e0 Lyon un travail d&rsquo;accompagnement des cours sur les diff\u00e9rentes mati\u00e8res au programme. &hellip; <\/p>\n","protected":false},"author":1,"featured_media":0,"parent":0,"menu_order":0,"comment_status":"closed","ping_status":"closed","template":"","meta":{"footnotes":""},"class_list":["post-214","page","type-page","status-publish","hentry"],"_links":{"self":[{"href":"https:\/\/philol1lyon3.com\/index.php?rest_route=\/wp\/v2\/pages\/214","targetHints":{"allow":["GET"]}}],"collection":[{"href":"https:\/\/philol1lyon3.com\/index.php?rest_route=\/wp\/v2\/pages"}],"about":[{"href":"https:\/\/philol1lyon3.com\/index.php?rest_route=\/wp\/v2\/types\/page"}],"author":[{"embeddable":true,"href":"https:\/\/philol1lyon3.com\/index.php?rest_route=\/wp\/v2\/users\/1"}],"replies":[{"embeddable":true,"href":"https:\/\/philol1lyon3.com\/index.php?rest_route=%2Fwp%2Fv2%2Fcomments&post=214"}],"version-history":[{"count":39,"href":"https:\/\/philol1lyon3.com\/index.php?rest_route=\/wp\/v2\/pages\/214\/revisions"}],"predecessor-version":[{"id":310,"href":"https:\/\/philol1lyon3.com\/index.php?rest_route=\/wp\/v2\/pages\/214\/revisions\/310"}],"wp:attachment":[{"href":"https:\/\/philol1lyon3.com\/index.php?rest_route=%2Fwp%2Fv2%2Fmedia&parent=214"}],"curies":[{"name":"wp","href":"https:\/\/api.w.org\/{rel}","templated":true}]}}