{"id":274,"date":"2025-08-31T09:09:42","date_gmt":"2025-08-31T07:09:42","guid":{"rendered":"https:\/\/philol1lyon3.com\/?page_id=274"},"modified":"2025-09-12T18:38:17","modified_gmt":"2025-09-12T16:38:17","slug":"l2-2025-2026","status":"publish","type":"page","link":"https:\/\/philol1lyon3.com\/?page_id=274","title":{"rendered":"L2 2025\/2026"},"content":{"rendered":"<h1 class=\"page-entry-title entry-title\">Videos des s\u00e9ances du Philo Club L2 2025\/2026<\/h1>\n\t\t\t<div \n\t\t\tclass=\"yotu-playlist yotuwp yotu-limit-min yotu-limit-max   yotu-thumb-169  yotu-template-grid\" \n\t\t\tdata-page=\"1\"\n\t\t\tid=\"yotuwp-69da4c736ab71\"\n\t\t\tdata-yotu=\"69da4c73aa9c4\"\n\t\t\tdata-total=\"1\"\n\t\t\tdata-settings=\"eyJ0eXBlIjoicGxheWxpc3QiLCJpZCI6IlBMakcwUFNhdVpPMXUwbnVmMTJHd1pJbkFycWZpUUdsNnEiLCJwYWdpbmF0aW9uIjoib24iLCJwYWdpdHlwZSI6InBhZ2VyIiwiY29sdW1uIjoiMyIsInBlcl9wYWdlIjoiMjQiLCJ0ZW1wbGF0ZSI6ImdyaWQiLCJ0aXRsZSI6Im9uIiwiZGVzY3JpcHRpb24iOiJvbiIsInRodW1icmF0aW8iOiIxNjkiLCJtZXRhIjoib2ZmIiwibWV0YV9kYXRhIjoib2ZmIiwibWV0YV9wb3NpdGlvbiI6Im9mZiIsImRhdGVfZm9ybWF0Ijoib2ZmIiwibWV0YV9hbGlnbiI6Im9mZiIsInN1YnNjcmliZSI6Im9mZiIsImR1cmF0aW9uIjoib2ZmIiwibWV0YV9pY29uIjoib2ZmIiwibmV4dHRleHQiOiIiLCJwcmV2dGV4dCI6IiIsImxvYWRtb3JldGV4dCI6IiIsInBsYXllciI6eyJtb2RlIjoibGFyZ2UiLCJ3aWR0aCI6IjYwMCIsInNjcm9sbGluZyI6IjEwMCIsImF1dG9wbGF5IjowLCJjb250cm9scyI6MSwibW9kZXN0YnJhbmRpbmciOjEsImxvb3AiOjAsImF1dG9uZXh0IjowLCJzaG93aW5mbyI6MSwicmVsIjoxLCJwbGF5aW5nIjoxLCJwbGF5aW5nX2Rlc2NyaXB0aW9uIjowLCJ0aHVtYm5haWxzIjowLCJjY19sb2FkX3BvbGljeSI6IjEiLCJjY19sYW5nX3ByZWYiOiIxIiwiaGwiOiIiLCJpdl9sb2FkX3BvbGljeSI6IjEifSwibGFzdF90YWIiOiJzZXR0aW5ncyIsInVzZV9hc19tb2RhbCI6Im9mZiIsIm1vZGFsX2lkIjoib2ZmIiwibGFzdF91cGRhdGUiOiIxNzYxNDEyMDU5Iiwic3R5bGluZyI6eyJwYWdlcl9sYXlvdXQiOiJkZWZhdWx0IiwiYnV0dG9uIjoiMSIsImJ1dHRvbl9jb2xvciI6IiIsImJ1dHRvbl9iZ19jb2xvciI6IiIsImJ1dHRvbl9jb2xvcl9ob3ZlciI6IiIsImJ1dHRvbl9iZ19jb2xvcl9ob3ZlciI6IiIsInZpZGVvX3N0eWxlIjoiIiwicGxheWljb25fY29sb3IiOiIiLCJob3Zlcl9pY29uIjoiIiwiZ2FsbGVyeV9iZyI6IiJ9LCJlZmZlY3RzIjp7InZpZGVvX2JveCI6IiIsImZsaXBfZWZmZWN0IjoiIn0sImdhbGxlcnlfaWQiOiI2OWRhNGM3MzZhYjcxIiwibmV4dCI6IiIsInByZXYiOiIifQ==\"\n\t\t\tdata-player=\"large\"\n\t\t\tdata-showdesc=\"on\" >\n\t\t\t\t<div>\n\t\t\t\t\t\t\t\t\t\t<div class=\"yotu-wrapper-player\" style=\"width:600px\">\n\t\t\t\t\t\t\t\t\t\t\t\t\t<div class=\"yotu-playing\">\n\t\t\t\t\t\t\t\tRetour sur le cours d'esth\u00e9tique\t\t\t\t\t\t\t<\/div>\n\t\t\t\t\t\t\t\t\t\t\t\t<div class=\"yotu-player\">\n\t\t\t\t\t\t\t<div class=\"yotu-video-placeholder\" id=\"yotu-player-69da4c73aa9c4\"><\/div>\n\t\t\t\t\t\t<\/div>\n\t\t\t\t\t\t<div class=\"yotu-playing-status\"><\/div>\n\t\t\t\t\t\t\t\t\t\t\t<\/div>\n\n\t\t\t\t\t<div class=\"yotu-pagination yotu-hide yotu-pager_layout-default yotu-pagination-top\">\n<a href=\"#\" class=\"yotu-pagination-prev yotu-button-prs yotu-button-prs-1\" data-page=\"prev\">Prev<\/a>\n<span class=\"yotu-pagination-current\">1<\/span> <span>of<\/span> <span class=\"yotu-pagination-total\">1<\/span>\n<a href=\"#\" class=\"yotu-pagination-next yotu-button-prs yotu-button-prs-1\" data-page=\"next\">Next<\/a>\n<\/div>\n<div class=\"yotu-videos yotu-mode-grid yotu-column-3 yotu-player-mode-large\">\n\t<ul>\n\t\t\t\t\t<li class=\" yotu-first\">\n\t\t\t\t\t\t\t\t<a href=\"#zBLGzXj2EEY\" class=\"yotu-video\" data-videoid=\"zBLGzXj2EEY\" data-title=\"Retour sur le cours d\\&#039;esth\u00e9tique\" title=\"Retour sur le cours d&#039;esth\u00e9tique\">\n\t\t\t\t\t<div class=\"yotu-video-thumb-wrp\">\n\t\t\t\t\t\t<div>\n\t\t\t\t\t\t\t\t\t\t\t\t\t\t<img decoding=\"async\" class=\"yotu-video-thumb\" src=\"https:\/\/i.ytimg.com\/vi\/zBLGzXj2EEY\/sddefault.jpg\" alt=\"Retour sur le cours d&#039;esth\u00e9tique\">\t\n\t\t\t\t\t\t\t\t\t\t\t\t\t<\/div>\n\t\t\t\t\t<\/div>\n\t\t\t\t\t\t\t\t\t\t\t<h3 class=\"yotu-video-title\">Retour sur le cours d'esth\u00e9tique<\/h3>\n\t\t\t\t\t\t\t\t\t\t\t\t\t\t\t\t\t\t\t\t\t<div class=\"yotu-video-description\"><\/div>\n\t\t\t\t\t\t\t\t\t<\/a>\n\t\t\t\t\t\t\t<\/li>\n\t\t\t\t\n\t\t\t\t\t\t<li class=\"\">\n\t\t\t\t\t\t\t\t<a href=\"#GF2QEQj5dJQ\" class=\"yotu-video\" data-videoid=\"GF2QEQj5dJQ\" data-title=\"Retour sur le cours de philosophie du droit\" title=\"Retour sur le cours de philosophie du droit\">\n\t\t\t\t\t<div class=\"yotu-video-thumb-wrp\">\n\t\t\t\t\t\t<div>\n\t\t\t\t\t\t\t\t\t\t\t\t\t\t<img decoding=\"async\" class=\"yotu-video-thumb\" src=\"https:\/\/i.ytimg.com\/vi\/GF2QEQj5dJQ\/sddefault.jpg\" alt=\"Retour sur le cours de philosophie du droit\">\t\n\t\t\t\t\t\t\t\t\t\t\t\t\t<\/div>\n\t\t\t\t\t<\/div>\n\t\t\t\t\t\t\t\t\t\t\t<h3 class=\"yotu-video-title\">Retour sur le cours de philosophie du droit<\/h3>\n\t\t\t\t\t\t\t\t\t\t\t\t\t\t\t\t\t\t\t\t\t<div class=\"yotu-video-description\"><\/div>\n\t\t\t\t\t\t\t\t\t<\/a>\n\t\t\t\t\t\t\t<\/li>\n\t\t\t\t\n\t\t\t\t\t\t<li class=\"\">\n\t\t\t\t\t\t\t\t<a href=\"#qW9duyrcKa0\" class=\"yotu-video\" data-videoid=\"qW9duyrcKa0\" data-title=\"Retour sur le cours de philosophie du langage\" title=\"Retour sur le cours de philosophie du langage\">\n\t\t\t\t\t<div class=\"yotu-video-thumb-wrp\">\n\t\t\t\t\t\t<div>\n\t\t\t\t\t\t\t\t\t\t\t\t\t\t<img decoding=\"async\" class=\"yotu-video-thumb\" src=\"https:\/\/i.ytimg.com\/vi\/qW9duyrcKa0\/sddefault.jpg\" alt=\"Retour sur le cours de philosophie du langage\">\t\n\t\t\t\t\t\t\t\t\t\t\t\t\t<\/div>\n\t\t\t\t\t<\/div>\n\t\t\t\t\t\t\t\t\t\t\t<h3 class=\"yotu-video-title\">Retour sur le cours de philosophie du langage<\/h3>\n\t\t\t\t\t\t\t\t\t\t\t\t\t\t\t\t\t\t\t\t\t<div class=\"yotu-video-description\"><\/div>\n\t\t\t\t\t\t\t\t\t<\/a>\n\t\t\t\t\t\t\t<\/li>\n\t\t\t\t\n\t\t\t\t\t\t<li class=\"\">\n\t\t\t\t\t\t\t\t<a href=\"#YSG6Jk0lp4Q\" class=\"yotu-video\" data-videoid=\"YSG6Jk0lp4Q\" data-title=\"La m\u00e9thode du  commentaire de texte\" title=\"La m\u00e9thode du  commentaire de texte\">\n\t\t\t\t\t<div class=\"yotu-video-thumb-wrp\">\n\t\t\t\t\t\t<div>\n\t\t\t\t\t\t\t\t\t\t\t\t\t\t<img decoding=\"async\" class=\"yotu-video-thumb\" src=\"https:\/\/i.ytimg.com\/vi\/YSG6Jk0lp4Q\/sddefault.jpg\" alt=\"La m\u00e9thode du  commentaire de texte\">\t\n\t\t\t\t\t\t\t\t\t\t\t\t\t<\/div>\n\t\t\t\t\t<\/div>\n\t\t\t\t\t\t\t\t\t\t\t<h3 class=\"yotu-video-title\">La m\u00e9thode du  commentaire de texte<\/h3>\n\t\t\t\t\t\t\t\t\t\t\t\t\t\t\t\t\t\t\t\t\t<div class=\"yotu-video-description\"><\/div>\n\t\t\t\t\t\t\t\t\t<\/a>\n\t\t\t\t\t\t\t<\/li>\n\t\t\t\t\n\t\t\t\t\t\t<li class=\"\">\n\t\t\t\t\t\t\t\t<a href=\"#HRoyYovxsIA\" class=\"yotu-video\" data-videoid=\"HRoyYovxsIA\" data-title=\"La m\u00e9thode de dissertation\" title=\"La m\u00e9thode de dissertation\">\n\t\t\t\t\t<div class=\"yotu-video-thumb-wrp\">\n\t\t\t\t\t\t<div>\n\t\t\t\t\t\t\t\t\t\t\t\t\t\t<img decoding=\"async\" class=\"yotu-video-thumb\" src=\"https:\/\/i.ytimg.com\/vi\/HRoyYovxsIA\/sddefault.jpg\" alt=\"La m\u00e9thode de dissertation\">\t\n\t\t\t\t\t\t\t\t\t\t\t\t\t<\/div>\n\t\t\t\t\t<\/div>\n\t\t\t\t\t\t\t\t\t\t\t<h3 class=\"yotu-video-title\">La m\u00e9thode de dissertation<\/h3>\n\t\t\t\t\t\t\t\t\t\t\t\t\t\t\t\t\t\t\t\t\t<div class=\"yotu-video-description\"><\/div>\n\t\t\t\t\t\t\t\t\t<\/a>\n\t\t\t\t\t\t\t<\/li>\n\t\t\t\t\n\t\t\t\t\t\t<li class=\"\">\n\t\t\t\t\t\t\t\t<a href=\"#WUJDD4fjWQc\" class=\"yotu-video\" data-videoid=\"WUJDD4fjWQc\" data-title=\"Retour sur le cours de philosophie moderne : Qu\\&#039;y a-t-il dans l\\&#039;\u00e2me ?\" title=\"Retour sur le cours de philosophie moderne : Qu&#039;y a-t-il dans l&#039;\u00e2me ?\">\n\t\t\t\t\t<div class=\"yotu-video-thumb-wrp\">\n\t\t\t\t\t\t<div>\n\t\t\t\t\t\t\t\t\t\t\t\t\t\t<img decoding=\"async\" class=\"yotu-video-thumb\" src=\"https:\/\/i.ytimg.com\/vi\/WUJDD4fjWQc\/sddefault.jpg\" alt=\"Retour sur le cours de philosophie moderne : Qu&#039;y a-t-il dans l&#039;\u00e2me ?\">\t\n\t\t\t\t\t\t\t\t\t\t\t\t\t<\/div>\n\t\t\t\t\t<\/div>\n\t\t\t\t\t\t\t\t\t\t\t<h3 class=\"yotu-video-title\">Retour sur le cours de philosophie moderne : Qu'y a-t-il dans l'\u00e2me ?<\/h3>\n\t\t\t\t\t\t\t\t\t\t\t\t\t\t\t\t\t\t\t\t\t<div class=\"yotu-video-description\"><\/div>\n\t\t\t\t\t\t\t\t\t<\/a>\n\t\t\t\t\t\t\t<\/li>\n\t\t\t\t\n\t\t\t\t\t\t<li class=\"\">\n\t\t\t\t\t\t\t\t<a href=\"#yoWvmDh8Gqo\" class=\"yotu-video\" data-videoid=\"yoWvmDh8Gqo\" data-title=\"La d\u00e9mocratie ath\u00e9nienne\" title=\"La d\u00e9mocratie ath\u00e9nienne\">\n\t\t\t\t\t<div class=\"yotu-video-thumb-wrp\">\n\t\t\t\t\t\t<div>\n\t\t\t\t\t\t\t\t\t\t\t\t\t\t<img decoding=\"async\" class=\"yotu-video-thumb\" src=\"https:\/\/i.ytimg.com\/vi\/yoWvmDh8Gqo\/sddefault.jpg\" alt=\"La d\u00e9mocratie ath\u00e9nienne\">\t\n\t\t\t\t\t\t\t\t\t\t\t\t\t<\/div>\n\t\t\t\t\t<\/div>\n\t\t\t\t\t\t\t\t\t\t\t<h3 class=\"yotu-video-title\">La d\u00e9mocratie ath\u00e9nienne<\/h3>\n\t\t\t\t\t\t\t\t\t\t\t\t\t\t\t\t\t\t\t\t\t<div class=\"yotu-video-description\"><\/div>\n\t\t\t\t\t\t\t\t\t<\/a>\n\t\t\t\t\t\t\t<\/li>\n\t\t\t\t\n\t\t\t\t\t\t<li class=\"\">\n\t\t\t\t\t\t\t\t<a href=\"#xM-AFIPKofA\" class=\"yotu-video\" data-videoid=\"xM-AFIPKofA\" data-title=\"Retour sur le cours de philosophie sociale\" title=\"Retour sur le cours de philosophie sociale\">\n\t\t\t\t\t<div class=\"yotu-video-thumb-wrp\">\n\t\t\t\t\t\t<div>\n\t\t\t\t\t\t\t\t\t\t\t\t\t\t<img decoding=\"async\" class=\"yotu-video-thumb\" src=\"https:\/\/i.ytimg.com\/vi\/xM-AFIPKofA\/sddefault.jpg\" alt=\"Retour sur le cours de philosophie sociale\">\t\n\t\t\t\t\t\t\t\t\t\t\t\t\t<\/div>\n\t\t\t\t\t<\/div>\n\t\t\t\t\t\t\t\t\t\t\t<h3 class=\"yotu-video-title\">Retour sur le cours de philosophie sociale<\/h3>\n\t\t\t\t\t\t\t\t\t\t\t\t\t\t\t\t\t\t\t\t\t<div class=\"yotu-video-description\"><\/div>\n\t\t\t\t\t\t\t\t\t<\/a>\n\t\t\t\t\t\t\t<\/li>\n\t\t\t\t\n\t\t\t\t\t\t<li class=\"\">\n\t\t\t\t\t\t\t\t<a href=\"#L691oKkJe3Q\" class=\"yotu-video\" data-videoid=\"L691oKkJe3Q\" data-title=\"Philo moderne - David Hume - Enqu\u00eate sur l\\&#039;entendement humain (Sections I-IV)\" title=\"Philo moderne - David Hume - Enqu\u00eate sur l&#039;entendement humain (Sections I-IV)\">\n\t\t\t\t\t<div class=\"yotu-video-thumb-wrp\">\n\t\t\t\t\t\t<div>\n\t\t\t\t\t\t\t\t\t\t\t\t\t\t<img decoding=\"async\" class=\"yotu-video-thumb\" src=\"https:\/\/i.ytimg.com\/vi\/L691oKkJe3Q\/sddefault.jpg\" alt=\"Philo moderne - David Hume - Enqu\u00eate sur l&#039;entendement humain (Sections I-IV)\">\t\n\t\t\t\t\t\t\t\t\t\t\t\t\t<\/div>\n\t\t\t\t\t<\/div>\n\t\t\t\t\t\t\t\t\t\t\t<h3 class=\"yotu-video-title\">Philo moderne - David Hume - Enqu\u00eate sur l'entendement humain (Sections I-IV)<\/h3>\n\t\t\t\t\t\t\t\t\t\t\t\t\t\t\t\t\t\t\t\t\t<div class=\"yotu-video-description\"><\/div>\n\t\t\t\t\t\t\t\t\t<\/a>\n\t\t\t\t\t\t\t<\/li>\n\t\t\t\t\n\t\t\t\t\t\t<li class=\"\">\n\t\t\t\t\t\t\t\t<a href=\"#76Z7NdyAgv8\" class=\"yotu-video\" data-videoid=\"76Z7NdyAgv8\" data-title=\"Epist\u00e9mologie - D\u00e9marche inductive et g\u00e9n\u00e9ration spontan\u00e9e\" title=\"Epist\u00e9mologie - D\u00e9marche inductive et g\u00e9n\u00e9ration spontan\u00e9e\">\n\t\t\t\t\t<div class=\"yotu-video-thumb-wrp\">\n\t\t\t\t\t\t<div>\n\t\t\t\t\t\t\t\t\t\t\t\t\t\t<img decoding=\"async\" class=\"yotu-video-thumb\" src=\"https:\/\/i.ytimg.com\/vi\/76Z7NdyAgv8\/sddefault.jpg\" alt=\"Epist\u00e9mologie - D\u00e9marche inductive et g\u00e9n\u00e9ration spontan\u00e9e\">\t\n\t\t\t\t\t\t\t\t\t\t\t\t\t<\/div>\n\t\t\t\t\t<\/div>\n\t\t\t\t\t\t\t\t\t\t\t<h3 class=\"yotu-video-title\">Epist\u00e9mologie - D\u00e9marche inductive et g\u00e9n\u00e9ration spontan\u00e9e<\/h3>\n\t\t\t\t\t\t\t\t\t\t\t\t\t\t\t\t\t\t\t\t\t<div class=\"yotu-video-description\"><\/div>\n\t\t\t\t\t\t\t\t\t<\/a>\n\t\t\t\t\t\t\t<\/li>\n\t\t\t\t\n\t\t\t\t\t\t<li class=\"\">\n\t\t\t\t\t\t\t\t<a href=\"#N0wNDYD8sc0\" class=\"yotu-video\" data-videoid=\"N0wNDYD8sc0\" data-title=\"Philosophie moderne (Majeure) : Malebranche, De la recherche de la v\u00e9rit\u00e9, Livre I : \u00ab Des sens \u00bb\" title=\"Philosophie moderne (Majeure) : Malebranche, De la recherche de la v\u00e9rit\u00e9, Livre I : \u00ab Des sens \u00bb\">\n\t\t\t\t\t<div class=\"yotu-video-thumb-wrp\">\n\t\t\t\t\t\t<div>\n\t\t\t\t\t\t\t\t\t\t\t\t\t\t<img decoding=\"async\" class=\"yotu-video-thumb\" src=\"https:\/\/i.ytimg.com\/vi\/N0wNDYD8sc0\/sddefault.jpg\" alt=\"Philosophie moderne (Majeure) : Malebranche, De la recherche de la v\u00e9rit\u00e9, Livre I : \u00ab Des sens \u00bb\">\t\n\t\t\t\t\t\t\t\t\t\t\t\t\t<\/div>\n\t\t\t\t\t<\/div>\n\t\t\t\t\t\t\t\t\t\t\t<h3 class=\"yotu-video-title\">Philosophie moderne (Majeure) : Malebranche, De la recherche de la v\u00e9rit\u00e9, Livre I : \u00ab Des sens \u00bb<\/h3>\n\t\t\t\t\t\t\t\t\t\t\t\t\t\t\t\t\t\t\t\t\t<div class=\"yotu-video-description\"><\/div>\n\t\t\t\t\t\t\t\t\t<\/a>\n\t\t\t\t\t\t\t<\/li>\n\t\t\t\t\n\t\t\t\t\t\t<li class=\"\">\n\t\t\t\t\t\t\t\t<a href=\"#D7TGOk4B1vs\" class=\"yotu-video\" data-videoid=\"D7TGOk4B1vs\" data-title=\"Philosophie morale et politique : Platon, La R\u00e9publique, Livres VIII et IX\" title=\"Philosophie morale et politique : Platon, La R\u00e9publique, Livres VIII et IX\">\n\t\t\t\t\t<div class=\"yotu-video-thumb-wrp\">\n\t\t\t\t\t\t<div>\n\t\t\t\t\t\t\t\t\t\t\t\t\t\t<img decoding=\"async\" class=\"yotu-video-thumb\" src=\"https:\/\/i.ytimg.com\/vi\/D7TGOk4B1vs\/sddefault.jpg\" alt=\"Philosophie morale et politique : Platon, La R\u00e9publique, Livres VIII et IX\">\t\n\t\t\t\t\t\t\t\t\t\t\t\t\t<\/div>\n\t\t\t\t\t<\/div>\n\t\t\t\t\t\t\t\t\t\t\t<h3 class=\"yotu-video-title\">Philosophie morale et politique : Platon, La R\u00e9publique, Livres VIII et IX<\/h3>\n\t\t\t\t\t\t\t\t\t\t\t\t\t\t\t\t\t\t\t\t\t<div class=\"yotu-video-description\"><\/div>\n\t\t\t\t\t\t\t\t\t<\/a>\n\t\t\t\t\t\t\t<\/li>\n\t\t\t\t\n\t\t\t\t\t\t<li class=\"\">\n\t\t\t\t\t\t\t\t<a href=\"#Xw-7vwZ7G5A\" class=\"yotu-video\" data-videoid=\"Xw-7vwZ7G5A\" data-title=\"Epist\u00e9mologie (Majeure) : Karl Popper, La logique de la de\u0301couverte scientifique (chap. 1 et 2)\" title=\"Epist\u00e9mologie (Majeure) : Karl Popper, La logique de la de\u0301couverte scientifique (chap. 1 et 2)\">\n\t\t\t\t\t<div class=\"yotu-video-thumb-wrp\">\n\t\t\t\t\t\t<div>\n\t\t\t\t\t\t\t\t\t\t\t\t\t\t<img decoding=\"async\" class=\"yotu-video-thumb\" src=\"https:\/\/i.ytimg.com\/vi\/Xw-7vwZ7G5A\/sddefault.jpg\" alt=\"Epist\u00e9mologie (Majeure) : Karl Popper, La logique de la de\u0301couverte scientifique (chap. 1 et 2)\">\t\n\t\t\t\t\t\t\t\t\t\t\t\t\t<\/div>\n\t\t\t\t\t<\/div>\n\t\t\t\t\t\t\t\t\t\t\t<h3 class=\"yotu-video-title\">Epist\u00e9mologie (Majeure) : Karl Popper, La logique de la de\u0301couverte scientifique (chap. 1 et 2)<\/h3>\n\t\t\t\t\t\t\t\t\t\t\t\t\t\t\t\t\t\t\t\t\t<div class=\"yotu-video-description\"><\/div>\n\t\t\t\t\t\t\t\t\t<\/a>\n\t\t\t\t\t\t\t<\/li>\n\t\t\t\t\n\t\t\t\t\t\t<li class=\"\">\n\t\t\t\t\t\t\t\t<a href=\"#DNzMm_w52xg\" class=\"yotu-video\" data-videoid=\"DNzMm_w52xg\" data-title=\"Majeure m\u00e9taphysique - Le vitalisme, L\\&#039;organisme et la machine - G. Canguilhem\" title=\"Majeure m\u00e9taphysique - Le vitalisme, L&#039;organisme et la machine - G. Canguilhem\">\n\t\t\t\t\t<div class=\"yotu-video-thumb-wrp\">\n\t\t\t\t\t\t<div>\n\t\t\t\t\t\t\t\t\t\t\t\t\t\t<img decoding=\"async\" class=\"yotu-video-thumb\" src=\"https:\/\/i.ytimg.com\/vi\/DNzMm_w52xg\/sddefault.jpg\" alt=\"Majeure m\u00e9taphysique - Le vitalisme, L&#039;organisme et la machine - G. Canguilhem\">\t\n\t\t\t\t\t\t\t\t\t\t\t\t\t<\/div>\n\t\t\t\t\t<\/div>\n\t\t\t\t\t\t\t\t\t\t\t<h3 class=\"yotu-video-title\">Majeure m\u00e9taphysique - Le vitalisme, L'organisme et la machine - G. Canguilhem<\/h3>\n\t\t\t\t\t\t\t\t\t\t\t\t\t\t\t\t\t\t\t\t\t<div class=\"yotu-video-description\"><\/div>\n\t\t\t\t\t\t\t\t\t<\/a>\n\t\t\t\t\t\t\t<\/li>\n\t\t\t\t\n\t\t\t\t\t\t<li class=\"\">\n\t\t\t\t\t\t\t\t<a href=\"#TyXtgDUPH6s\" class=\"yotu-video\" data-videoid=\"TyXtgDUPH6s\" data-title=\"Mineure - Ethique de l\\&#039;environnement\" title=\"Mineure - Ethique de l&#039;environnement\">\n\t\t\t\t\t<div class=\"yotu-video-thumb-wrp\">\n\t\t\t\t\t\t<div>\n\t\t\t\t\t\t\t\t\t\t\t\t\t\t<img decoding=\"async\" class=\"yotu-video-thumb\" src=\"https:\/\/i.ytimg.com\/vi\/TyXtgDUPH6s\/sddefault.jpg\" alt=\"Mineure - Ethique de l&#039;environnement\">\t\n\t\t\t\t\t\t\t\t\t\t\t\t\t<\/div>\n\t\t\t\t\t<\/div>\n\t\t\t\t\t\t\t\t\t\t\t<h3 class=\"yotu-video-title\">Mineure - Ethique de l'environnement<\/h3>\n\t\t\t\t\t\t\t\t\t\t\t\t\t\t\t\t\t\t\t\t\t<div class=\"yotu-video-description\"><\/div>\n\t\t\t\t\t\t\t\t\t<\/a>\n\t\t\t\t\t\t\t<\/li>\n\t\t\t\t\n\t\t\t\t\t\t<li class=\"\">\n\t\t\t\t\t\t\t\t<a href=\"#91Giawz92QI\" class=\"yotu-video\" data-videoid=\"91Giawz92QI\" data-title=\"Majeure M\u00e9taphysique - B. Spinoza - L\\&#039;Ethique I\" title=\"Majeure M\u00e9taphysique - B. Spinoza - L&#039;Ethique I\">\n\t\t\t\t\t<div class=\"yotu-video-thumb-wrp\">\n\t\t\t\t\t\t<div>\n\t\t\t\t\t\t\t\t\t\t\t\t\t\t<img decoding=\"async\" class=\"yotu-video-thumb\" src=\"https:\/\/i.ytimg.com\/vi\/91Giawz92QI\/sddefault.jpg\" alt=\"Majeure M\u00e9taphysique - B. Spinoza - L&#039;Ethique I\">\t\n\t\t\t\t\t\t\t\t\t\t\t\t\t<\/div>\n\t\t\t\t\t<\/div>\n\t\t\t\t\t\t\t\t\t\t\t<h3 class=\"yotu-video-title\">Majeure M\u00e9taphysique - B. Spinoza - L'Ethique I<\/h3>\n\t\t\t\t\t\t\t\t\t\t\t\t\t\t\t\t\t\t\t\t\t<div class=\"yotu-video-description\"><\/div>\n\t\t\t\t\t\t\t\t\t<\/a>\n\t\t\t\t\t\t\t<\/li>\n\t\t\t\t\n\t\t\t\t\t\t<li class=\"\">\n\t\t\t\t\t\t\t\t<a href=\"#bl7DJAn_rb0\" class=\"yotu-video\" data-videoid=\"bl7DJAn_rb0\" data-title=\"Majeure Esth\u00e9tique - E. Kant Critique de la facult\u00e9 de juger (2\u00e8me partie)\" title=\"Majeure Esth\u00e9tique - E. Kant Critique de la facult\u00e9 de juger (2\u00e8me partie)\">\n\t\t\t\t\t<div class=\"yotu-video-thumb-wrp\">\n\t\t\t\t\t\t<div>\n\t\t\t\t\t\t\t\t\t\t\t\t\t\t<img decoding=\"async\" class=\"yotu-video-thumb\" src=\"https:\/\/i.ytimg.com\/vi\/bl7DJAn_rb0\/sddefault.jpg\" alt=\"Majeure Esth\u00e9tique - E. Kant Critique de la facult\u00e9 de juger (2\u00e8me partie)\">\t\n\t\t\t\t\t\t\t\t\t\t\t\t\t<\/div>\n\t\t\t\t\t<\/div>\n\t\t\t\t\t\t\t\t\t\t\t<h3 class=\"yotu-video-title\">Majeure Esth\u00e9tique - E. Kant Critique de la facult\u00e9 de juger (2\u00e8me partie)<\/h3>\n\t\t\t\t\t\t\t\t\t\t\t\t\t\t\t\t\t\t\t\t\t<div class=\"yotu-video-description\"><\/div>\n\t\t\t\t\t\t\t\t\t<\/a>\n\t\t\t\t\t\t\t<\/li>\n\t\t\t\t\n\t\t\t\t\t\t<li class=\"\">\n\t\t\t\t\t\t\t\t<a href=\"#SedIRXj5zyo\" class=\"yotu-video\" data-videoid=\"SedIRXj5zyo\" data-title=\"Majeure Esth\u00e9tique - E. Kant Critique de la facult\u00e9 de juger (1\u00e8re partie)\" title=\"Majeure Esth\u00e9tique - E. Kant Critique de la facult\u00e9 de juger (1\u00e8re partie)\">\n\t\t\t\t\t<div class=\"yotu-video-thumb-wrp\">\n\t\t\t\t\t\t<div>\n\t\t\t\t\t\t\t\t\t\t\t\t\t\t<img decoding=\"async\" class=\"yotu-video-thumb\" src=\"https:\/\/i.ytimg.com\/vi\/SedIRXj5zyo\/sddefault.jpg\" alt=\"Majeure Esth\u00e9tique - E. Kant Critique de la facult\u00e9 de juger (1\u00e8re partie)\">\t\n\t\t\t\t\t\t\t\t\t\t\t\t\t<\/div>\n\t\t\t\t\t<\/div>\n\t\t\t\t\t\t\t\t\t\t\t<h3 class=\"yotu-video-title\">Majeure Esth\u00e9tique - E. Kant Critique de la facult\u00e9 de juger (1\u00e8re partie)<\/h3>\n\t\t\t\t\t\t\t\t\t\t\t\t\t\t\t\t\t\t\t\t\t<div class=\"yotu-video-description\"><\/div>\n\t\t\t\t\t\t\t\t\t<\/a>\n\t\t\t\t\t\t\t<\/li>\n\t\t\t\t\n\t\t\t\t\t\t<li class=\"\">\n\t\t\t\t\t\t\t\t<a href=\"#ieLScMy6Juk\" class=\"yotu-video\" data-videoid=\"ieLScMy6Juk\" data-title=\"M\u00e9taphysique  : John Dewey, Reconstruction en philosophie\" title=\"M\u00e9taphysique  : John Dewey, Reconstruction en philosophie\">\n\t\t\t\t\t<div class=\"yotu-video-thumb-wrp\">\n\t\t\t\t\t\t<div>\n\t\t\t\t\t\t\t\t\t\t\t\t\t\t<img decoding=\"async\" class=\"yotu-video-thumb\" src=\"https:\/\/i.ytimg.com\/vi\/ieLScMy6Juk\/sddefault.jpg\" alt=\"M\u00e9taphysique  : John Dewey, Reconstruction en philosophie\">\t\n\t\t\t\t\t\t\t\t\t\t\t\t\t<\/div>\n\t\t\t\t\t<\/div>\n\t\t\t\t\t\t\t\t\t\t\t<h3 class=\"yotu-video-title\">M\u00e9taphysique  : John Dewey, Reconstruction en philosophie<\/h3>\n\t\t\t\t\t\t\t\t\t\t\t\t\t\t\t\t\t\t\t\t\t<div class=\"yotu-video-description\"><\/div>\n\t\t\t\t\t\t\t\t\t<\/a>\n\t\t\t\t\t\t\t<\/li>\n\t\t\t\t\n\t\t\t\t\t\t<li class=\"\">\n\t\t\t\t\t\t\t\t<a href=\"#oMr6IkG1G00\" class=\"yotu-video\" data-videoid=\"oMr6IkG1G00\" data-title=\"Retour sur le cours d\\&#039;esth\u00e9tique L2 S3 (1)\" title=\"Retour sur le cours d&#039;esth\u00e9tique L2 S3 (1)\">\n\t\t\t\t\t<div class=\"yotu-video-thumb-wrp\">\n\t\t\t\t\t\t<div>\n\t\t\t\t\t\t\t\t\t\t\t\t\t\t<img decoding=\"async\" class=\"yotu-video-thumb\" src=\"https:\/\/i.ytimg.com\/vi\/oMr6IkG1G00\/sddefault.jpg\" alt=\"Retour sur le cours d&#039;esth\u00e9tique L2 S3 (1)\">\t\n\t\t\t\t\t\t\t\t\t\t\t\t\t<\/div>\n\t\t\t\t\t<\/div>\n\t\t\t\t\t\t\t\t\t\t\t<h3 class=\"yotu-video-title\">Retour sur le cours d'esth\u00e9tique L2 S3 (1)<\/h3>\n\t\t\t\t\t\t\t\t\t\t\t\t\t\t\t\t\t\t\t\t\t<div class=\"yotu-video-description\"><\/div>\n\t\t\t\t\t\t\t\t\t<\/a>\n\t\t\t\t\t\t\t<\/li>\n\t\t\t\t\n\t\t\t\t\t\t<li class=\"\">\n\t\t\t\t\t\t\t\t<a href=\"#35H4VRP9uHg\" class=\"yotu-video\" data-videoid=\"35H4VRP9uHg\" data-title=\"Epist\u00e9mologie : Alan Chalmers,  Qu\u2019est-ce que la science ?\" title=\"Epist\u00e9mologie : Alan Chalmers,  Qu\u2019est-ce que la science ?\">\n\t\t\t\t\t<div class=\"yotu-video-thumb-wrp\">\n\t\t\t\t\t\t<div>\n\t\t\t\t\t\t\t\t\t\t\t\t\t\t<img decoding=\"async\" class=\"yotu-video-thumb\" src=\"https:\/\/i.ytimg.com\/vi\/35H4VRP9uHg\/sddefault.jpg\" alt=\"Epist\u00e9mologie : Alan Chalmers,  Qu\u2019est-ce que la science ?\">\t\n\t\t\t\t\t\t\t\t\t\t\t\t\t<\/div>\n\t\t\t\t\t<\/div>\n\t\t\t\t\t\t\t\t\t\t\t<h3 class=\"yotu-video-title\">Epist\u00e9mologie : Alan Chalmers,  Qu\u2019est-ce que la science ?<\/h3>\n\t\t\t\t\t\t\t\t\t\t\t\t\t\t\t\t\t\t\t\t\t<div class=\"yotu-video-description\"><\/div>\n\t\t\t\t\t\t\t\t\t<\/a>\n\t\t\t\t\t\t\t<\/li>\n\t\t\t\t\n\t\t\t\t\t\t<li class=\"\">\n\t\t\t\t\t\t\t\t<a href=\"#X02DFrMgXqI\" class=\"yotu-video\" data-videoid=\"X02DFrMgXqI\" data-title=\"Philosophie morale et politique : Aristote, Les Politiques\" title=\"Philosophie morale et politique : Aristote, Les Politiques\">\n\t\t\t\t\t<div class=\"yotu-video-thumb-wrp\">\n\t\t\t\t\t\t<div>\n\t\t\t\t\t\t\t\t\t\t\t\t\t\t<img decoding=\"async\" class=\"yotu-video-thumb\" src=\"https:\/\/i.ytimg.com\/vi\/X02DFrMgXqI\/sddefault.jpg\" alt=\"Philosophie morale et politique : Aristote, Les Politiques\">\t\n\t\t\t\t\t\t\t\t\t\t\t\t\t<\/div>\n\t\t\t\t\t<\/div>\n\t\t\t\t\t\t\t\t\t\t\t<h3 class=\"yotu-video-title\">Philosophie morale et politique : Aristote, Les Politiques<\/h3>\n\t\t\t\t\t\t\t\t\t\t\t\t\t\t\t\t\t\t\t\t\t<div class=\"yotu-video-description\"><\/div>\n\t\t\t\t\t\t\t\t\t<\/a>\n\t\t\t\t\t\t\t<\/li>\n\t\t\t\t\n\t\t\t\t\t\t<li class=\" yotu-last\">\n\t\t\t\t\t\t\t\t<a href=\"#1R5IlIu5Uv4\" class=\"yotu-video\" data-videoid=\"1R5IlIu5Uv4\" data-title=\"Philosophie de l\u2019environnement  : Catherine Larrere , Les philosophies de l\u2019environnement\" title=\"Philosophie de l\u2019environnement  : Catherine Larrere , Les philosophies de l\u2019environnement\">\n\t\t\t\t\t<div class=\"yotu-video-thumb-wrp\">\n\t\t\t\t\t\t<div>\n\t\t\t\t\t\t\t\t\t\t\t\t\t\t<img decoding=\"async\" class=\"yotu-video-thumb\" src=\"https:\/\/i.ytimg.com\/vi\/1R5IlIu5Uv4\/sddefault.jpg\" alt=\"Philosophie de l\u2019environnement  : Catherine Larrere , Les philosophies de l\u2019environnement\">\t\n\t\t\t\t\t\t\t\t\t\t\t\t\t<\/div>\n\t\t\t\t\t<\/div>\n\t\t\t\t\t\t\t\t\t\t\t<h3 class=\"yotu-video-title\">Philosophie de l\u2019environnement  : Catherine Larrere , Les philosophies de l\u2019environnement<\/h3>\n\t\t\t\t\t\t\t\t\t\t\t\t\t\t\t\t\t\t\t\t\t<div class=\"yotu-video-description\"><\/div>\n\t\t\t\t\t\t\t\t\t<\/a>\n\t\t\t\t\t\t\t<\/li>\n\t\t\t\t\n\t\t\t\t<\/ul>\n<\/div><div class=\"yotu-pagination yotu-hide yotu-pager_layout-default yotu-pagination-bottom\">\n<a href=\"#\" class=\"yotu-pagination-prev yotu-button-prs yotu-button-prs-1\" data-page=\"prev\">Prev<\/a>\n<span class=\"yotu-pagination-current\">1<\/span> <span>of<\/span> <span class=\"yotu-pagination-total\">1<\/span>\n<a href=\"#\" class=\"yotu-pagination-next yotu-button-prs yotu-button-prs-1\" data-page=\"next\">Next<\/a>\n<\/div>\n\t\t\t\t<\/div>\n\t\t\t<\/div>\n\t\t\t\n","protected":false},"excerpt":{"rendered":"<p>Videos des s\u00e9ances du Philo Club L2 2025\/2026<\/p>\n","protected":false},"author":2,"featured_media":0,"parent":0,"menu_order":0,"comment_status":"closed","ping_status":"closed","template":"","meta":{"footnotes":""},"class_list":["post-274","page","type-page","status-publish","hentry"],"_links":{"self":[{"href":"https:\/\/philol1lyon3.com\/index.php?rest_route=\/wp\/v2\/pages\/274","targetHints":{"allow":["GET"]}}],"collection":[{"href":"https:\/\/philol1lyon3.com\/index.php?rest_route=\/wp\/v2\/pages"}],"about":[{"href":"https:\/\/philol1lyon3.com\/index.php?rest_route=\/wp\/v2\/types\/page"}],"author":[{"embeddable":true,"href":"https:\/\/philol1lyon3.com\/index.php?rest_route=\/wp\/v2\/users\/2"}],"replies":[{"embeddable":true,"href":"https:\/\/philol1lyon3.com\/index.php?rest_route=%2Fwp%2Fv2%2Fcomments&post=274"}],"version-history":[{"count":3,"href":"https:\/\/philol1lyon3.com\/index.php?rest_route=\/wp\/v2\/pages\/274\/revisions"}],"predecessor-version":[{"id":286,"href":"https:\/\/philol1lyon3.com\/index.php?rest_route=\/wp\/v2\/pages\/274\/revisions\/286"}],"wp:attachment":[{"href":"https:\/\/philol1lyon3.com\/index.php?rest_route=%2Fwp%2Fv2%2Fmedia&parent=274"}],"curies":[{"name":"wp","href":"https:\/\/api.w.org\/{rel}","templated":true}]}}